{"id":1014,"date":"2025-03-12T10:08:39","date_gmt":"2025-03-12T10:08:39","guid":{"rendered":"https:\/\/e-multipurpose1.ziptemplates.top\/?page_id=14"},"modified":"2025-03-12T10:08:39","modified_gmt":"2025-03-12T10:08:39","slug":"nos-partenaires","status":"publish","type":"page","link":"https:\/\/epicerie-catillon.com\/index.php\/nos-partenaires\/","title":{"rendered":"Localisation"},"content":{"rendered":"<p><iframe loading=\"lazy\"\n\t\t\t\t\tsrc=\"https:\/\/maps.google.com\/maps?q=Chem.%20du%20Pr%C3%A9%20du%20Cr%C3%AAt%207%2C%201647%20Corbi%C3%A8res&#038;t=m&#038;z=10&#038;output=embed&#038;iwloc=near\"\n\t\t\t\t\ttitle=\"Chem. du Pr\u00e9 du Cr\u00eat 7, 1647 Corbi\u00e8res\"\n\t\t\t\t\taria-label=\"Chem. du Pr\u00e9 du Cr\u00eat 7, 1647 Corbi\u00e8res\"\n\t\t\t><\/iframe><\/p>\n<h2>Localisation<\/h2>\n<p><strong>Chemin du Pr\u00e9 du Cr\u00eat 7, 1647 Corbi\u00e8res.<\/strong><\/p>\n<p>\t\t\t\t\t\t\t\t\t\t\t\t\t\t\t<img loading=\"lazy\" decoding=\"async\" width=\"1024\" height=\"682\" src=\"https:\/\/epicerie-catillon.com\/wp-content\/uploads\/2026\/02\/admin-1024x682.jpg\" alt=\"localisation\" srcset=\"http:\/\/epicerie-catillon.com\/wp-content\/uploads\/2026\/02\/admin-1024x682.jpg 1024w, http:\/\/epicerie-catillon.com\/wp-content\/uploads\/2026\/02\/admin-300x200.jpg 300w, http:\/\/epicerie-catillon.com\/wp-content\/uploads\/2026\/02\/admin-768x512.jpg 768w, http:\/\/epicerie-catillon.com\/wp-content\/uploads\/2026\/02\/admin-1536x1023.jpg 1536w, http:\/\/epicerie-catillon.com\/wp-content\/uploads\/2026\/02\/admin.jpg 2048w\" sizes=\"auto, (max-width: 1024px) 100vw, 1024px\" \/><\/p>\n","protected":false},"excerpt":{"rendered":"<p>Localisation Chemin du Pr\u00e9 du Cr\u00eat 7, 1647 Corbi\u00e8res.<\/p>\n","protected":false},"author":1,"featured_media":0,"parent":0,"menu_order":0,"comment_status":"closed","ping_status":"closed","template":"","meta":{"footnotes":""},"class_list":["post-1014","page","type-page","status-publish","hentry"],"_links":{"self":[{"href":"https:\/\/epicerie-catillon.com\/index.php\/wp-json\/wp\/v2\/pages\/1014","targetHints":{"allow":["GET"]}}],"collection":[{"href":"https:\/\/epicerie-catillon.com\/index.php\/wp-json\/wp\/v2\/pages"}],"about":[{"href":"https:\/\/epicerie-catillon.com\/index.php\/wp-json\/wp\/v2\/types\/page"}],"author":[{"embeddable":true,"href":"https:\/\/epicerie-catillon.com\/index.php\/wp-json\/wp\/v2\/users\/1"}],"replies":[{"embeddable":true,"href":"https:\/\/epicerie-catillon.com\/index.php\/wp-json\/wp\/v2\/comments?post=1014"}],"version-history":[{"count":0,"href":"https:\/\/epicerie-catillon.com\/index.php\/wp-json\/wp\/v2\/pages\/1014\/revisions"}],"wp:attachment":[{"href":"https:\/\/epicerie-catillon.com\/index.php\/wp-json\/wp\/v2\/media?parent=1014"}],"curies":[{"name":"wp","href":"https:\/\/api.w.org\/{rel}","templated":true}]}}